{"id":807,"date":"2023-01-22T17:52:24","date_gmt":"2023-01-22T17:52:24","guid":{"rendered":"http:\/\/smartsolutions.ne\/wp\/?page_id=807"},"modified":"2023-01-22T17:52:24","modified_gmt":"2023-01-22T17:52:24","slug":"i-organisation-de-smart-solutions","status":"publish","type":"page","link":"https:\/\/smartsolutions.ne\/index.php\/i-organisation-de-smart-solutions\/","title":{"rendered":"I.\tORGANISATION DE SMART SOLUTIONS"},"content":{"rendered":"<h2><a name=\"_Toc27566898\"><\/a><a name=\"_Toc512617705\"><\/a><a name=\"_Toc443991781\"><\/a><a name=\"_Toc296416618\"><\/a>I.1\u00a0\u00a0\u00a0\u00a0\u00a0 Activit\u00e9s<\/h2>\n<p>&nbsp;<\/p>\n<p>SMART SOLUTIONS, est une soci\u00e9t\u00e9 sp\u00e9cialis\u00e9e dans l\u2019int\u00e9gration de solutions informatiques chez les grands comptes des secteurs suivants\u00a0:<\/p>\n<ul>\n<li>Op\u00e9rateurs T\u00e9l\u00e9coms,<\/li>\n<li>Banque,<\/li>\n<li>Industries,<\/li>\n<li><\/li>\n<\/ul>\n<p>SMART SOLUTIONS propose des solutions compl\u00e8tes, uniques, performantes, capables de r\u00e9pondre aux besoins les plus complexes et de satisfaire les clients les plus exigeants.<\/p>\n<p>&nbsp;<\/p>\n<h2><a name=\"_Toc27566899\"><\/a><a name=\"_Toc512617706\"><\/a><a name=\"_Toc443991782\"><\/a>I.2\u00a0\u00a0\u00a0\u00a0\u00a0 Mission<\/h2>\n<p>La Mission de SMART SOLUTIONS est d\u2019accompagner les grandes entreprises et administrations en r\u00e9pondant \u00e0 leurs besoins informatiques par la fourniture et l\u2019int\u00e9gration de solutions globales avec un haut niveau de disponibilit\u00e9 et de satisfaction client.<\/p>\n<p>SMART SOLUTIONS dispose d\u2019une \u00e9quipe de consultants techniques et fonctionnels et un service d\u2019assistance pour accompagner le Client dans le choix, la mise en \u0153uvre et l\u2019exploitation de solutions adapt\u00e9es \u00e0 ses besoins.<\/p>\n<p>&nbsp;<\/p>\n","protected":false},"excerpt":{"rendered":"<p>I.1\u00a0\u00a0\u00a0\u00a0\u00a0 Activit\u00e9s &nbsp; SMART SOLUTIONS, est une soci\u00e9t\u00e9 sp\u00e9cialis\u00e9e dans l\u2019int\u00e9gration &#8230; <\/p>\n","protected":false},"author":1,"featured_media":0,"parent":0,"menu_order":0,"comment_status":"closed","ping_status":"closed","template":"","meta":[],"_links":{"self":[{"href":"https:\/\/smartsolutions.ne\/index.php\/wp-json\/wp\/v2\/pages\/807"}],"collection":[{"href":"https:\/\/smartsolutions.ne\/index.php\/wp-json\/wp\/v2\/pages"}],"about":[{"href":"https:\/\/smartsolutions.ne\/index.php\/wp-json\/wp\/v2\/types\/page"}],"author":[{"embeddable":true,"href":"https:\/\/smartsolutions.ne\/index.php\/wp-json\/wp\/v2\/users\/1"}],"replies":[{"embeddable":true,"href":"https:\/\/smartsolutions.ne\/index.php\/wp-json\/wp\/v2\/comments?post=807"}],"version-history":[{"count":2,"href":"https:\/\/smartsolutions.ne\/index.php\/wp-json\/wp\/v2\/pages\/807\/revisions"}],"predecessor-version":[{"id":810,"href":"https:\/\/smartsolutions.ne\/index.php\/wp-json\/wp\/v2\/pages\/807\/revisions\/810"}],"wp:attachment":[{"href":"https:\/\/smartsolutions.ne\/index.php\/wp-json\/wp\/v2\/media?parent=807"}],"curies":[{"name":"wp","href":"https:\/\/api.w.org\/{rel}","templated":true}]}}